{"id":3,"date":"2024-12-13T10:52:56","date_gmt":"2024-12-13T10:52:56","guid":{"rendered":"https:\/\/sleepy-feynman.87-106-188-36.plesk.page\/?page_id=3"},"modified":"2025-01-17T13:34:15","modified_gmt":"2025-01-17T13:34:15","slug":"privacy-policy","status":"publish","type":"page","link":"https:\/\/d2propco.com\/cy\/privacy-policy\/","title":{"rendered":"Polisi Preifatrwydd"},"content":{"rendered":"<div data-elementor-type=\"wp-page\" data-elementor-id=\"3\" class=\"elementor elementor-3\" data-elementor-post-type=\"page\">\n\t\t\t\t<div class=\"elementor-element elementor-element-01f05b8 e-con-full e-flex e-con e-parent\" data-id=\"01f05b8\" data-element_type=\"container\" data-e-type=\"container\" data-settings=\"{&quot;background_background&quot;:&quot;classic&quot;}\">\n\t\t<div class=\"elementor-element elementor-element-d58028e e-con-full e-flex e-con e-child\" data-id=\"d58028e\" data-element_type=\"container\" data-e-type=\"container\">\n\t\t\t\t<div class=\"elementor-element elementor-element-d301920 elementor-widget elementor-widget-heading\" data-id=\"d301920\" data-element_type=\"widget\" data-e-type=\"widget\" data-widget_type=\"heading.default\">\n\t\t\t\t<div class=\"elementor-widget-container\">\n\t\t\t\t\t<h1 class=\"elementor-heading-title elementor-size-default\">Polisi Preifatrwydd\n\n<\/h1>\t\t\t\t<\/div>\n\t\t\t\t<\/div>\n\t\t\t\t<\/div>\n\t\t\t\t<\/div>\n\t\t<div class=\"elementor-element elementor-element-2f579418 e-flex e-con-boxed e-con e-parent\" data-id=\"2f579418\" data-element_type=\"container\" data-e-type=\"container\">\n\t\t\t\t\t<div class=\"e-con-inner\">\n\t\t\t\t<div class=\"elementor-element elementor-element-2e273b82 elementor-widget elementor-widget-text-editor\" data-id=\"2e273b82\" data-element_type=\"widget\" data-e-type=\"widget\" data-widget_type=\"text-editor.default\">\n\t\t\t\t<div class=\"elementor-widget-container\">\n\t\t\t\t\t\t\t\t\t\n<p>Mae\u2019r polisi preifatrwydd hwn yn egluro pa ddata personol rydym yn ei gasglu, sut rydym yn ei gasglu a\u2019i brosesu yn ogystal \u00e2 sut rydym yn diogelu eich data personol.<\/p>\n\n<p>D2 Rhaid i Propco brosesu data personol er mwyn darparu ein gwasanaethau. Os oes gennych unrhyw ymholiadau neu bryderon am eich data personol, ein manylion cyswllt yw:<\/p>\n\n<p>Enw: Duncan Evans<br \/>Cyfeiriad: Millgrove House, Parc Ty Glas, Llanisien, Caerdydd, CF14 5DU<br \/>Rhif Ff\u00f4n: 02920 776209<br \/>E-bost:\u00a0<ins><a href=\"mailto:dataprotection@d2propco.com\">dataprotection@d2propco.com<\/a><\/ins><\/p>\n\n<p><strong>Y math o wybodaeth bersonol a gasglwn<\/strong><\/p>\n\n<p>Ar hyn o bryd rydym yn casglu ac yn prosesu&#039;r wybodaeth ganlynol:<\/p>\n\n<ul class=\"wp-block-list\">\n<li>Enw llawn<\/li>\n\n<li>Dyddiad geni<\/li>\n\n<li>Manylion cyswllt (gan gynnwys rhif ff\u00f4n, cyfeiriad e-bost a chyfeiriad post)<\/li>\n<\/ul>\n\n<p><strong>Sut rydym yn casglu gwybodaeth bersonol<\/strong><\/p>\n\n<p>Mae\u2019r rhan fwyaf o\u2019r wybodaeth bersonol rydym yn ei phrosesu yn cael ei darparu i ni\u2019n uniongyrchol gennych chi ac rydym yn defnyddio\u2019r wybodaeth rydych wedi\u2019i rhoi i ni am un (neu fwy) o\u2019r rhesymau canlynol:<\/p>\n\n<ul class=\"wp-block-list\">\n<li>Cadw cofnodion mewnol<\/li>\n\n<li>Cysylltu \u00e2 chi trwy e-bost, ff\u00f4n neu SMS<\/li>\n\n<li>Cydymffurfio \u00e2 rhwymedigaethau cyfreithiol a chytundebol<\/li>\n\n<li>Er mwyn cynnal ein perthynas fusnes<\/li>\n\n<li>I ateb eich ymholiadau<\/li>\n\n<li>Gallwn hefyd ryddhau gwybodaeth bersonol i asiantaethau rheoleiddio neu orfodi&#039;r gyfraith, os ydynt yn gofyn i ni wneud hynny. Byddwn hefyd yn datgelu eich gwybodaeth lle caniateir i ni wneud hynny yn \u00f4l y gyfraith<\/li>\n<\/ul>\n\n<p>Mae\u2019n bosibl y byddwn yn rhannu gwybodaeth bersonol \u00e2 chynghorau\/awdurdodau lleol lle caiff data ei drosglwyddo i\u2019r cyngor\/awdurdod lleol a\u2019i storio ganddo.<\/p>\n\n<p><strong>Nodwch os gwelwch yn dda:<\/strong>\u00a0Mae prosesu data personol gydag unrhyw drydydd parti dibynadwy yn angenrheidiol er mwyn i ni allu darparu ein gwasanaethau. Bydd y trydydd part\u00efon hyn ond yn cael mynediad at eich data personol os bydd angen iddynt gyflawni eu swyddogaethau ac ni chaniateir iddynt ddefnyddio unrhyw ddata personol at unrhyw ddibenion eraill.<\/p>\n\n<p>O dan Reoliad Diogelu Data Cyffredinol y DU (UK GDPR), y seiliau cyfreithlon rydym yn dibynnu arnynt ar gyfer prosesu\u2019r wybodaeth hon yw:<\/p>\n\n<ul class=\"wp-block-list\">\n<li>Eich caniat\u00e2d. Gallwch dynnu eich caniat\u00e2d yn \u00f4l unrhyw bryd drwy gysylltu \u00e2\u00a0<ins><a href=\"mailto:dataprotection@d2propco.com\">dataprotection@d2propco.com<\/a><\/ins><\/li>\n\n<li>Mae gennym rwymedigaeth gytundebol<\/li>\n\n<li>Mae gennym rwymedigaeth gyfreithiol<\/li>\n\n<li>Mae gennym fuddiant cyfreithlon<\/li>\n<\/ul>\n\n<p><strong>Sut rydym yn storio eich gwybodaeth bersonol<\/strong><\/p>\n\n<p>Gall eich gwybodaeth gael ei storio \u00e2 llaw neu&#039;n electronig. Bydd unrhyw ddata sy&#039;n cael ei storio&#039;n electronig yn cael ei storio ar weinyddion diogel gyda&#039;r mesurau diogelwch priodol yn eu lle (hy amgryptio a dilysu aml-ffactor). Bydd unrhyw ddata sy&#039;n cael ei storio \u00e2 llaw yn cael ei storio yn ein hadeiladau diogel yn y DU.<\/p>\n\n<p><strong>Cadw eich data<\/strong><\/p>\n\n<p>Byddwn ond yn cadw eich data cyhyd ag y bydd ei angen arnom i gyflawni ein dibenion, gan gynnwys unrhyw rai sy\u2019n ymwneud \u00e2 gofynion cyfreithiol, cyfrifyddu neu adrodd.<\/p>\n\n<p>Lle rydym wedi cael eich caniat\u00e2d i brosesu eich data personol, byddwn yn cadw eich data am 3 blynedd (oni bai bod y dibenion uchod yn nodi cyfnodau cadw gwahanol, ac os felly byddwn yn cydymffurfio \u00e2\u2019r safonau hynny).<\/p>\n\n<p>Unwaith y bydd y cyfnod cadw priodol wedi dod i ben neu pan na roddir caniat\u00e2d, byddwn yn rhoi\u2019r gorau i brosesu eich data personol a bydd yn cael ei ddileu\u2019n ddiogel o bob storfa ddata gan gynnwys e-bost, llyfrgelloedd dogfennau, cop\u00efau wrth gefn o ddata, ac ati.<\/p>\n\n<p><strong>Eich hawliau diogelu data<\/strong><\/p>\n\n<p>O dan gyfraith diogelu data, mae gennych hawliau gan gynnwys:<\/p>\n\n<ul class=\"wp-block-list\">\n<li><strong>Eich hawl mynediad<\/strong>\u00a0\u2013 Mae gennych hawl i ofyn i ni am gop\u00efau o\u2019ch gwybodaeth bersonol.<\/li>\n\n<li><strong>Eich hawl i gywiro<\/strong>\u00a0\u2013 Mae gennych hawl i ofyn i ni gywiro gwybodaeth bersonol sy\u2019n anghywir yn eich barn chi. Mae gennych chi hefyd yr hawl i ofyn i ni gwblhau gwybodaeth rydych chi&#039;n meddwl sy&#039;n anghyflawn.<\/li>\n\n<li><strong>Eich hawl i ddileu<\/strong>\u00a0\u2013 Mae gennych hawl i ofyn i ni ddileu eich gwybodaeth bersonol mewn rhai amgylchiadau.<\/li>\n\n<li><strong>Eich hawl i gyfyngu ar brosesu<\/strong>\u00a0\u2013 Mae gennych hawl i ofyn i ni gyfyngu ar brosesu eich gwybodaeth bersonol mewn rhai amgylchiadau.<\/li>\n\n<li><strong>Eich hawl i wrthwynebu prosesu<\/strong>\u00a0\u2013 Mae gennych yr hawl i wrthwynebu prosesu eich gwybodaeth bersonol mewn rhai amgylchiadau.<\/li>\n\n<li><strong>Eich hawl i gludadwyedd data<\/strong>\u00a0\u2013 Mae gennych hawl i ofyn i ni drosglwyddo\u2019r wybodaeth bersonol a roesoch i ni i sefydliad arall, neu i chi, mewn rhai amgylchiadau.<\/li>\n<\/ul>\n\n<p>Nid yw&#039;n ofynnol i chi dalu unrhyw d\u00e2l am arfer eich hawliau. Os byddwch yn gwneud cais, mae gennym fis i ymateb i chi.<\/p>\n\n<p>Cysylltwch \u00e2 ni yn\u00a0<ins><a href=\"mailto:dataprotection@d2propco.com\">dataprotection@d2propco.com<\/a><\/ins>\u00a0os dymunwch wneud cais.<\/p>\n\n<p><strong>Sut i gwyno<\/strong><\/p>\n\n<p>Os oes gennych unrhyw bryderon am ein defnydd o&#039;ch gwybodaeth bersonol, gallwch wneud cwyn i ni yn\u00a0<ins><a href=\"mailto:dataprotection@d2propco.com\">dataprotection@d2propco.com<\/a><\/ins>.<\/p>\n\n<p>I gael rhagor o wybodaeth am y Ddeddf Diogelu Data neu\u2019r Rheoliad Diogelu Data Cyffredinol, ewch i wefan yr ICO\u00a0<ins><a href=\"https:\/\/ico.org.uk\/\">https:\/\/ico.org.uk<\/a><\/ins><\/p>\n\t\t\t\t\t\t\t\t<\/div>\n\t\t\t\t<\/div>\n\t\t\t\t\t<\/div>\n\t\t\t\t<\/div>\n\t\t\t\t<\/div>","protected":false},"excerpt":{"rendered":"<p>Privacy Policy This privacy policy explains what personal data we collect, how we collect and process it as well as how we protect your personal data. D2 Propco must process personal data in order to provide our services. If you have any enquiries or concerns about your personal data, our contact details are: Name: Duncan [&hellip;]<\/p>\n","protected":false},"author":1,"featured_media":0,"parent":0,"menu_order":0,"comment_status":"closed","ping_status":"open","template":"elementor_header_footer","meta":{"_acf_changed":false,"_uag_custom_page_level_css":"","site-sidebar-layout":"no-sidebar","site-content-layout":"","ast-site-content-layout":"full-width-container","site-content-style":"unboxed","site-sidebar-style":"unboxed","ast-global-header-display":"","ast-banner-title-visibility":"","ast-main-header-display":"","ast-hfb-above-header-display":"","ast-hfb-below-header-display":"","ast-hfb-mobile-header-display":"","site-post-title":"disabled","ast-breadcrumbs-content":"","ast-featured-img":"","footer-sml-layout":"","theme-transparent-header-meta":"enabled","adv-header-id-meta":"","stick-header-meta":"","header-above-stick-meta":"","header-main-stick-meta":"","header-below-stick-meta":"","astra-migrate-meta-layouts":"set","ast-page-background-enabled":"default","ast-page-background-meta":{"desktop":{"background-color":"var(--ast-global-color-4)","background-image":"","background-repeat":"repeat","background-position":"center center","background-size":"auto","background-attachment":"scroll","background-type":"","background-media":"","overlay-type":"","overlay-color":"","overlay-opacity":"","overlay-gradient":""},"tablet":{"background-color":"","background-image":"","background-repeat":"repeat","background-position":"center center","background-size":"auto","background-attachment":"scroll","background-type":"","background-media":"","overlay-type":"","overlay-color":"","overlay-opacity":"","overlay-gradient":""},"mobile":{"background-color":"","background-image":"","background-repeat":"repeat","background-position":"center center","background-size":"auto","background-attachment":"scroll","background-type":"","background-media":"","overlay-type":"","overlay-color":"","overlay-opacity":"","overlay-gradient":""}},"ast-content-background-meta":{"desktop":{"background-color":"var(--ast-global-color-5)","background-image":"","background-repeat":"repeat","background-position":"center center","background-size":"auto","background-attachment":"scroll","background-type":"","background-media":"","overlay-type":"","overlay-color":"","overlay-opacity":"","overlay-gradient":""},"tablet":{"background-color":"var(--ast-global-color-5)","background-image":"","background-repeat":"repeat","background-position":"center center","background-size":"auto","background-attachment":"scroll","background-type":"","background-media":"","overlay-type":"","overlay-color":"","overlay-opacity":"","overlay-gradient":""},"mobile":{"background-color":"var(--ast-global-color-5)","background-image":"","background-repeat":"repeat","background-position":"center center","background-size":"auto","background-attachment":"scroll","background-type":"","background-media":"","overlay-type":"","overlay-color":"","overlay-opacity":"","overlay-gradient":""}},"footnotes":""},"class_list":["post-3","page","type-page","status-publish","hentry"],"acf":[],"uagb_featured_image_src":{"full":false,"thumbnail":false,"medium":false,"medium_large":false,"large":false,"1536x1536":false,"2048x2048":false,"trp-custom-language-flag":false,"widget-thumbnail":false},"uagb_author_info":{"display_name":"admin","author_link":"https:\/\/d2propco.com\/cy\/author\/daniel-bevansa1creative-com\/"},"uagb_comment_info":0,"uagb_excerpt":"Privacy Policy This privacy policy explains what personal data we collect, how we collect and process it as well as how we protect your personal data. D2 Propco must process personal data in order to provide our services. If you have any enquiries or concerns about your personal data, our contact details are: Name: Duncan&hellip;","_links":{"self":[{"href":"https:\/\/d2propco.com\/cy\/wp-json\/wp\/v2\/pages\/3","targetHints":{"allow":["GET"]}}],"collection":[{"href":"https:\/\/d2propco.com\/cy\/wp-json\/wp\/v2\/pages"}],"about":[{"href":"https:\/\/d2propco.com\/cy\/wp-json\/wp\/v2\/types\/page"}],"author":[{"embeddable":true,"href":"https:\/\/d2propco.com\/cy\/wp-json\/wp\/v2\/users\/1"}],"replies":[{"embeddable":true,"href":"https:\/\/d2propco.com\/cy\/wp-json\/wp\/v2\/comments?post=3"}],"version-history":[{"count":0,"href":"https:\/\/d2propco.com\/cy\/wp-json\/wp\/v2\/pages\/3\/revisions"}],"wp:attachment":[{"href":"https:\/\/d2propco.com\/cy\/wp-json\/wp\/v2\/media?parent=3"}],"curies":[{"name":"wp","href":"https:\/\/api.w.org\/{rel}","templated":true}]}}