{"id":2806,"date":"2025-04-01T19:50:01","date_gmt":"2025-04-01T19:50:01","guid":{"rendered":"https:\/\/d2propco.com\/?page_id=2806"},"modified":"2026-01-30T15:34:27","modified_gmt":"2026-01-30T15:34:27","slug":"liverpool-and-flintshire","status":"publish","type":"page","link":"https:\/\/d2propco.com\/cy\/liverpool-and-flintshire\/","title":{"rendered":"Lerpwl a Sir Fflint"},"content":{"rendered":"<div data-elementor-type=\"wp-page\" data-elementor-id=\"2806\" class=\"elementor elementor-2806\" data-elementor-post-type=\"page\">\n\t\t\t\t<div class=\"elementor-element elementor-element-c48f2e3 e-flex e-con-boxed e-con e-parent\" data-id=\"c48f2e3\" data-element_type=\"container\" data-e-type=\"container\" data-settings=\"{&quot;background_background&quot;:&quot;classic&quot;}\">\n\t\t\t\t\t<div class=\"e-con-inner\">\n\t\t<div class=\"elementor-element elementor-element-2418584 e-con-full e-flex e-con e-child\" data-id=\"2418584\" data-element_type=\"container\" data-e-type=\"container\">\n\t\t\t\t<div class=\"elementor-element elementor-element-7e83573 elementor-widget elementor-widget-heading\" data-id=\"7e83573\" data-element_type=\"widget\" data-e-type=\"widget\" data-widget_type=\"heading.default\">\n\t\t\t\t<div class=\"elementor-widget-container\">\n\t\t\t\t\t<span class=\"elementor-heading-title elementor-size-default\">Croeso cynnes i&#039;n<\/span>\t\t\t\t<\/div>\n\t\t\t\t<\/div>\n\t\t\t\t<div class=\"elementor-element elementor-element-5afe340 elementor-widget elementor-widget-heading\" data-id=\"5afe340\" data-element_type=\"widget\" data-e-type=\"widget\" data-widget_type=\"heading.default\">\n\t\t\t\t<div class=\"elementor-widget-container\">\n\t\t\t\t\t<h1 class=\"elementor-heading-title elementor-size-default\">Rheolwyr Tai Lerpwl a Sir y Fflint<\/h1>\t\t\t\t<\/div>\n\t\t\t\t<\/div>\n\t\t\t\t<\/div>\n\t\t\t\t\t<\/div>\n\t\t\t\t<\/div>\n\t\t<div class=\"elementor-element elementor-element-1ed10ca e-flex e-con-boxed e-con e-parent\" data-id=\"1ed10ca\" data-element_type=\"container\" data-e-type=\"container\">\n\t\t\t\t\t<div class=\"e-con-inner\">\n\t\t\t\t<div class=\"elementor-element elementor-element-fdde65f elementor-widget elementor-widget-text-editor\" data-id=\"fdde65f\" data-element_type=\"widget\" data-e-type=\"widget\" data-widget_type=\"text-editor.default\">\n\t\t\t\t<div class=\"elementor-widget-container\">\n\t\t\t\t\t\t\t\t\t<h4><strong>Rydym yn gyffrous i gyflwyno Julie White fel ein Rheolwr T\u0177 newydd ar gyfer Sir y Fflint a Lerpwl.<\/strong><\/h4><p>Bydd Julie yn dod \u00e2 chyfoeth o brofiad, ac edrychwn ymlaen at eu cyfraniadau wrth gefnogi ein preswylwyr a&#039;n timau. Croeso i&#039;r t\u00eem!<\/p>\t\t\t\t\t\t\t\t<\/div>\n\t\t\t\t<\/div>\n\t\t\t\t\t<\/div>\n\t\t\t\t<\/div>\n\t\t<div class=\"elementor-element elementor-element-03e4bff e-grid e-con-boxed e-con e-parent\" data-id=\"03e4bff\" data-element_type=\"container\" data-e-type=\"container\">\n\t\t\t\t\t<div class=\"e-con-inner\">\n\t\t\t\t<div class=\"elementor-element elementor-element-df03beb elementor-widget elementor-widget-image\" data-id=\"df03beb\" data-element_type=\"widget\" data-e-type=\"widget\" data-widget_type=\"image.default\">\n\t\t\t\t<div class=\"elementor-widget-container\">\n\t\t\t\t\t\t\t\t\t\t\t\t\t\t\t<img fetchpriority=\"high\" decoding=\"async\" width=\"768\" height=\"868\" src=\"https:\/\/d2propco.com\/wp-content\/uploads\/2025\/04\/Julie-White-768x868.jpg\" class=\"attachment-medium_large size-medium_large wp-image-2815\" alt=\"\" srcset=\"https:\/\/d2propco.com\/wp-content\/uploads\/2025\/04\/Julie-White-768x868.jpg 768w, https:\/\/d2propco.com\/wp-content\/uploads\/2025\/04\/Julie-White-265x300.jpg 265w, https:\/\/d2propco.com\/wp-content\/uploads\/2025\/04\/Julie-White-906x1024.jpg 906w, https:\/\/d2propco.com\/wp-content\/uploads\/2025\/04\/Julie-White-11x12.jpg 11w, https:\/\/d2propco.com\/wp-content\/uploads\/2025\/04\/Julie-White.jpg 1111w\" sizes=\"(max-width: 768px) 100vw, 768px\" \/>\t\t\t\t\t\t\t\t\t\t\t\t\t\t\t<\/div>\n\t\t\t\t<\/div>\n\t\t\t\t\t<\/div>\n\t\t\t\t<\/div>\n\t\t<div class=\"elementor-element elementor-element-dc67039 e-flex e-con-boxed e-con e-parent\" data-id=\"dc67039\" data-element_type=\"container\" data-e-type=\"container\">\n\t\t\t\t\t<div class=\"e-con-inner\">\n\t\t\t\t<div class=\"elementor-element elementor-element-1d04b85 elementor-widget elementor-widget-spacer\" data-id=\"1d04b85\" data-element_type=\"widget\" data-e-type=\"widget\" data-widget_type=\"spacer.default\">\n\t\t\t\t<div class=\"elementor-widget-container\">\n\t\t\t\t\t\t\t<div class=\"elementor-spacer\">\n\t\t\t<div class=\"elementor-spacer-inner\"><\/div>\n\t\t<\/div>\n\t\t\t\t\t\t<\/div>\n\t\t\t\t<\/div>\n\t\t\t\t\t<\/div>\n\t\t\t\t<\/div>\n\t\t\t\t<\/div>","protected":false},"excerpt":{"rendered":"<p>Croeso cynnes i'n Rheolwyr T\u0177 Lerpwl a Swydd Fflint. Rydym yn gyffrous i gyflwyno Julie White fel ein Rheolwr T\u0177 newydd ar gyfer Swydd Fflint a Lerpwl. Bydd Julie yn dod \u00e2 chyfoeth o brofiad, ac edrychwn ymlaen at eu cyfraniadau wrth gefnogi ein preswylwyr a'n timau. Croeso i'r t\u00eem!<\/p>","protected":false},"author":2,"featured_media":0,"parent":0,"menu_order":0,"comment_status":"closed","ping_status":"closed","template":"","meta":{"_acf_changed":false,"_uag_custom_page_level_css":"","site-sidebar-layout":"no-sidebar","site-content-layout":"page-builder","ast-site-content-layout":"full-width-container","site-content-style":"unboxed","site-sidebar-style":"unboxed","ast-global-header-display":"","ast-banner-title-visibility":"","ast-main-header-display":"","ast-hfb-above-header-display":"","ast-hfb-below-header-display":"","ast-hfb-mobile-header-display":"","site-post-title":"disabled","ast-breadcrumbs-content":"","ast-featured-img":"disabled","footer-sml-layout":"","theme-transparent-header-meta":"enabled","adv-header-id-meta":"","stick-header-meta":"","header-above-stick-meta":"","header-main-stick-meta":"","header-below-stick-meta":"","astra-migrate-meta-layouts":"set","ast-page-background-enabled":"default","ast-page-background-meta":{"desktop":{"background-color":"","background-image":"","background-repeat":"repeat","background-position":"center center","background-size":"auto","background-attachment":"scroll","background-type":"","background-media":"","overlay-type":"","overlay-color":"","overlay-opacity":"","overlay-gradient":""},"tablet":{"background-color":"","background-image":"","background-repeat":"repeat","background-position":"center center","background-size":"auto","background-attachment":"scroll","background-type":"","background-media":"","overlay-type":"","overlay-color":"","overlay-opacity":"","overlay-gradient":""},"mobile":{"background-color":"","background-image":"","background-repeat":"repeat","background-position":"center center","background-size":"auto","background-attachment":"scroll","background-type":"","background-media":"","overlay-type":"","overlay-color":"","overlay-opacity":"","overlay-gradient":""}},"ast-content-background-meta":{"desktop":{"background-color":"var(--ast-global-color-5)","background-image":"","background-repeat":"repeat","background-position":"center center","background-size":"auto","background-attachment":"scroll","background-type":"","background-media":"","overlay-type":"","overlay-color":"","overlay-opacity":"","overlay-gradient":""},"tablet":{"background-color":"var(--ast-global-color-5)","background-image":"","background-repeat":"repeat","background-position":"center center","background-size":"auto","background-attachment":"scroll","background-type":"","background-media":"","overlay-type":"","overlay-color":"","overlay-opacity":"","overlay-gradient":""},"mobile":{"background-color":"var(--ast-global-color-5)","background-image":"","background-repeat":"repeat","background-position":"center center","background-size":"auto","background-attachment":"scroll","background-type":"","background-media":"","overlay-type":"","overlay-color":"","overlay-opacity":"","overlay-gradient":""}},"footnotes":""},"class_list":["post-2806","page","type-page","status-publish","hentry"],"acf":[],"uagb_featured_image_src":{"full":false,"thumbnail":false,"medium":false,"medium_large":false,"large":false,"1536x1536":false,"2048x2048":false,"trp-custom-language-flag":false,"widget-thumbnail":false},"uagb_author_info":{"display_name":"Rob Samuel","author_link":"https:\/\/d2propco.com\/cy\/author\/rob-samueld2propco-com\/"},"uagb_comment_info":0,"uagb_excerpt":"A warm welcome to our Liverpool &amp; Flintshire House Managers We are excited to introduce Julie White as our new House Manager for Flintshire and Liverpool. Julie will bring a wealth of experience, and we look forward to their contributions in supporting our residents and teams. Welcome to the team!","_links":{"self":[{"href":"https:\/\/d2propco.com\/cy\/wp-json\/wp\/v2\/pages\/2806","targetHints":{"allow":["GET"]}}],"collection":[{"href":"https:\/\/d2propco.com\/cy\/wp-json\/wp\/v2\/pages"}],"about":[{"href":"https:\/\/d2propco.com\/cy\/wp-json\/wp\/v2\/types\/page"}],"author":[{"embeddable":true,"href":"https:\/\/d2propco.com\/cy\/wp-json\/wp\/v2\/users\/2"}],"replies":[{"embeddable":true,"href":"https:\/\/d2propco.com\/cy\/wp-json\/wp\/v2\/comments?post=2806"}],"version-history":[{"count":21,"href":"https:\/\/d2propco.com\/cy\/wp-json\/wp\/v2\/pages\/2806\/revisions"}],"predecessor-version":[{"id":3250,"href":"https:\/\/d2propco.com\/cy\/wp-json\/wp\/v2\/pages\/2806\/revisions\/3250"}],"wp:attachment":[{"href":"https:\/\/d2propco.com\/cy\/wp-json\/wp\/v2\/media?parent=2806"}],"curies":[{"name":"wp","href":"https:\/\/api.w.org\/{rel}","templated":true}]}}